{"id":648,"date":"2017-05-12T22:35:35","date_gmt":"2017-05-12T20:35:35","guid":{"rendered":"https:\/\/auxpetitsbizcuits.com\/?page_id=648"},"modified":"2017-05-17T09:27:56","modified_gmt":"2017-05-17T07:27:56","slug":"entremets-accueil","status":"publish","type":"page","link":"https:\/\/auxpetitsbizcuits.com\/index.php\/entremets-accueil\/","title":{"rendered":"Entremets Accueil"},"content":{"rendered":"<p>Les entremets sont vendus au minimum pour quatre parts, ils sont fabriqu\u00e9s sur commande et vous pouvez les retirer sur le march\u00e9 de Victor Hugo ou bien selon un autre mode de livraison \u00e0 d\u00e9finir ensemble.<\/p>\n<p>D\u00e9couvrez les parfums les plus demand\u00e9s dans le menu \u00ab\u00a0Entremets\u00a0\u00bb.<\/p>\n<p>Cependant je vous pr\u00e9sente sur cette page des cr\u00e9ations d&rsquo;entremets\u00a0 adapt\u00e9s la demande de mes clients. N&rsquo;h\u00e9sitez pas \u00e0 me solliciter pour vous r\u00e9aliser un <a href=\"https:\/\/auxpetitsbizcuits.com\/index.php\/contacts\/\">devis<\/a>.<\/p>\n<div id=\"metaslider-id-805\" style=\"width: 100%; margin: 0 auto;\" class=\"ml-slider-3-109-0 metaslider metaslider-flex metaslider-805 ml-slider has-dots-nav ms-theme-default\" role=\"region\" aria-label=\"Diaporama Entremets\" data-height=\"460\" data-width=\"700\">\n    <div id=\"metaslider_container_805\">\n        <div id=\"metaslider_805\" class=\"flexslider\">\n            <ul class='slides'>\n                <li style=\"display: block; width: 100%;\" class=\"slide-814 ms-image \" aria-roledescription=\"slide\" data-date=\"2017-05-17 09:26:21\" data-filename=\"ET-Poirier-700x460.jpg\" data-slide-type=\"image\"><img loading=\"lazy\" decoding=\"async\" src=\"https:\/\/auxpetitsbizcuits.com\/wp-content\/uploads\/2017\/05\/ET-Poirier-700x460.jpg\" height=\"460\" width=\"700\" alt=\"\" class=\"slider-805 slide-814 msDefaultImage\" \/><\/li>\n                <li style=\"display: none; width: 100%;\" class=\"slide-813 ms-image \" aria-roledescription=\"slide\" data-date=\"2017-05-17 09:25:30\" data-filename=\"ET-3-fraisiers-1-700x460.jpg\" data-slide-type=\"image\"><img loading=\"lazy\" decoding=\"async\" src=\"https:\/\/auxpetitsbizcuits.com\/wp-content\/uploads\/2017\/05\/ET-3-fraisiers-1-700x460.jpg\" height=\"460\" width=\"700\" alt=\"\" class=\"slider-805 slide-813 msDefaultImage\" \/><\/li>\n                <li style=\"display: none; width: 100%;\" class=\"slide-808 ms-image \" aria-roledescription=\"slide\" data-date=\"2017-05-17 09:25:29\" data-filename=\"ET-Fraisiers1-700x460.jpg\" data-slide-type=\"image\"><img loading=\"lazy\" decoding=\"async\" src=\"https:\/\/auxpetitsbizcuits.com\/wp-content\/uploads\/2017\/05\/ET-Fraisiers1-700x460.jpg\" height=\"460\" width=\"700\" alt=\"\" class=\"slider-805 slide-808 msDefaultImage\" \/><\/li>\n                <li style=\"display: none; width: 100%;\" class=\"slide-810 ms-image \" aria-roledescription=\"slide\" data-date=\"2017-05-17 09:25:29\" data-filename=\"ET-G\u00e4teau-Chocolat-700x460.jpg\" data-slide-type=\"image\"><img loading=\"lazy\" decoding=\"async\" src=\"https:\/\/auxpetitsbizcuits.com\/wp-content\/uploads\/2017\/05\/ET-G\u00e4teau-Chocolat-700x460.jpg\" height=\"460\" width=\"700\" alt=\"\" class=\"slider-805 slide-810 msDefaultImage\" \/><\/li>\n                <li style=\"display: none; width: 100%;\" class=\"slide-811 ms-image \" aria-roledescription=\"slide\" data-date=\"2017-05-17 09:25:29\" data-filename=\"ET-Fraisiers-Nces-de-perles-700x460.jpg\" data-slide-type=\"image\"><img loading=\"lazy\" decoding=\"async\" src=\"https:\/\/auxpetitsbizcuits.com\/wp-content\/uploads\/2017\/05\/ET-Fraisiers-Nces-de-perles-700x460.jpg\" height=\"460\" width=\"700\" alt=\"\" class=\"slider-805 slide-811 msDefaultImage\" \/><\/li>\n                <li style=\"display: none; width: 100%;\" class=\"slide-806 ms-image \" aria-roledescription=\"slide\" data-date=\"2017-05-17 09:25:29\" data-filename=\"ET-Fraisier-parts-700x460.jpeg\" data-slide-type=\"image\"><img loading=\"lazy\" decoding=\"async\" src=\"https:\/\/auxpetitsbizcuits.com\/wp-content\/uploads\/2017\/05\/ET-Fraisier-parts-700x460.jpeg\" height=\"460\" width=\"700\" alt=\"\" class=\"slider-805 slide-806 msDefaultImage\" \/><\/li>\n                <li style=\"display: none; width: 100%;\" class=\"slide-807 ms-image \" aria-roledescription=\"slide\" data-date=\"2017-05-17 09:25:29\" data-filename=\"ET-4-Fraisiers-700x460.jpg\" data-slide-type=\"image\"><img loading=\"lazy\" decoding=\"async\" src=\"https:\/\/auxpetitsbizcuits.com\/wp-content\/uploads\/2017\/05\/ET-4-Fraisiers-700x460.jpg\" height=\"460\" width=\"700\" alt=\"\" class=\"slider-805 slide-807 msDefaultImage\" \/><\/li>\n                <li style=\"display: none; width: 100%;\" class=\"slide-812 ms-image \" aria-roledescription=\"slide\" data-date=\"2017-05-17 09:25:29\" data-filename=\"ET-For\u00eat-Noire-700x460.jpg\" data-slide-type=\"image\"><img loading=\"lazy\" decoding=\"async\" src=\"https:\/\/auxpetitsbizcuits.com\/wp-content\/uploads\/2017\/05\/ET-For\u00eat-Noire-700x460.jpg\" height=\"460\" width=\"700\" alt=\"\" class=\"slider-805 slide-812 msDefaultImage\" \/><\/li>\n                <li style=\"display: none; width: 100%;\" class=\"slide-809 ms-image \" aria-roledescription=\"slide\" data-date=\"2017-05-17 09:25:29\" data-filename=\"ET-G\u00e2teaux-Chocolat-700x460.jpg\" data-slide-type=\"image\"><img loading=\"lazy\" decoding=\"async\" src=\"https:\/\/auxpetitsbizcuits.com\/wp-content\/uploads\/2017\/05\/ET-G\u00e2teaux-Chocolat-700x460.jpg\" height=\"460\" width=\"700\" alt=\"\" class=\"slider-805 slide-809 msDefaultImage\" \/><\/li>\n            <\/ul>\n        <\/div>\n        \n    <\/div>\n<\/div>\n","protected":false},"excerpt":{"rendered":"<p>Les entremets sont vendus au minimum pour quatre parts, ils sont fabriqu\u00e9s sur commande et vous pouvez les retirer sur le march\u00e9 de Victor Hugo ou bien selon un autre mode de livraison \u00e0 d\u00e9finir ensemble. D\u00e9couvrez les parfums les plus demand\u00e9s dans le menu \u00ab\u00a0Entremets\u00a0\u00bb. Cependant je vous pr\u00e9sente sur cette page des cr\u00e9ations&#8230;<\/p>\n<p class=\"more-link\"><a href=\"https:\/\/auxpetitsbizcuits.com\/index.php\/entremets-accueil\/\"><span>lire la suite<\/span><i>&#43;<\/i><\/a><\/p>\n","protected":false},"author":1,"featured_media":0,"parent":0,"menu_order":0,"comment_status":"closed","ping_status":"closed","template":"","meta":{"footnotes":""},"class_list":["post-648","page","type-page","status-publish","hentry"],"_links":{"self":[{"href":"https:\/\/auxpetitsbizcuits.com\/index.php\/wp-json\/wp\/v2\/pages\/648","targetHints":{"allow":["GET"]}}],"collection":[{"href":"https:\/\/auxpetitsbizcuits.com\/index.php\/wp-json\/wp\/v2\/pages"}],"about":[{"href":"https:\/\/auxpetitsbizcuits.com\/index.php\/wp-json\/wp\/v2\/types\/page"}],"author":[{"embeddable":true,"href":"https:\/\/auxpetitsbizcuits.com\/index.php\/wp-json\/wp\/v2\/users\/1"}],"replies":[{"embeddable":true,"href":"https:\/\/auxpetitsbizcuits.com\/index.php\/wp-json\/wp\/v2\/comments?post=648"}],"version-history":[{"count":0,"href":"https:\/\/auxpetitsbizcuits.com\/index.php\/wp-json\/wp\/v2\/pages\/648\/revisions"}],"wp:attachment":[{"href":"https:\/\/auxpetitsbizcuits.com\/index.php\/wp-json\/wp\/v2\/media?parent=648"}],"curies":[{"name":"wp","href":"https:\/\/api.w.org\/{rel}","templated":true}]}}